{"id":1081,"date":"2024-03-11T19:13:39","date_gmt":"2024-03-11T22:13:39","guid":{"rendered":"https:\/\/guilhermestrujakbuco.com.br\/?page_id=1081"},"modified":"2024-03-17T19:12:23","modified_gmt":"2024-03-17T22:12:23","slug":"planejamento-virtual","status":"publish","type":"page","link":"https:\/\/guilhermestrujakbuco.com.br\/index.php\/planejamento-virtual\/","title":{"rendered":"Planejamento Virtual"},"content":{"rendered":"\t\t<div data-elementor-type=\"wp-page\" data-elementor-id=\"1081\" class=\"elementor elementor-1081\">\n\t\t\t\t\t\t<section class=\"elementor-section elementor-top-section elementor-element elementor-element-ce0d78f elementor-section-content-middle elementor-section-boxed elementor-section-height-default elementor-section-height-default\" data-id=\"ce0d78f\" data-element_type=\"section\" data-e-type=\"section\" data-settings=\"{&quot;background_background&quot;:&quot;classic&quot;}\">\n\t\t\t\t\t\t\t<div class=\"elementor-background-overlay\"><\/div>\n\t\t\t\t\t\t\t<div class=\"elementor-container elementor-column-gap-default\">\n\t\t\t\t\t<div class=\"elementor-column elementor-col-100 elementor-top-column elementor-element elementor-element-65935f8\" data-id=\"65935f8\" data-element_type=\"column\" data-e-type=\"column\">\n\t\t\t<div class=\"elementor-widget-wrap elementor-element-populated\">\n\t\t\t\t\t\t<div class=\"elementor-element elementor-element-b9db482 elementor-widget elementor-widget-heading\" data-id=\"b9db482\" data-element_type=\"widget\" data-e-type=\"widget\" data-widget_type=\"heading.default\">\n\t\t\t\t<div class=\"elementor-widget-container\">\n\t\t\t\t\t<h1 class=\"elementor-heading-title elementor-size-default\">Planejamento Virtual Cirurgia Ortogn\u00e1tica<\/h1>\t\t\t\t<\/div>\n\t\t\t\t<\/div>\n\t\t\t\t\t<\/div>\n\t\t<\/div>\n\t\t\t\t\t<\/div>\n\t\t<\/section>\n\t\t\t\t<section class=\"elementor-section elementor-top-section elementor-element elementor-element-1387934 elementor-section-boxed elementor-section-height-default elementor-section-height-default\" data-id=\"1387934\" data-element_type=\"section\" data-e-type=\"section\">\n\t\t\t\t\t\t<div class=\"elementor-container elementor-column-gap-default\">\n\t\t\t\t\t<div class=\"elementor-column elementor-col-100 elementor-top-column elementor-element elementor-element-3e77986\" data-id=\"3e77986\" data-element_type=\"column\" data-e-type=\"column\">\n\t\t\t<div class=\"elementor-widget-wrap elementor-element-populated\">\n\t\t\t\t\t\t<section class=\"elementor-section elementor-inner-section elementor-element elementor-element-e2efd28 elementor-section-boxed elementor-section-height-default elementor-section-height-default\" data-id=\"e2efd28\" data-element_type=\"section\" data-e-type=\"section\">\n\t\t\t\t\t\t<div class=\"elementor-container elementor-column-gap-wide\">\n\t\t\t\t\t<div class=\"elementor-column elementor-col-100 elementor-inner-column elementor-element elementor-element-ae45853\" data-id=\"ae45853\" data-element_type=\"column\" data-e-type=\"column\" data-settings=\"{&quot;background_background&quot;:&quot;classic&quot;}\">\n\t\t\t<div class=\"elementor-widget-wrap elementor-element-populated\">\n\t\t\t\t\t\t<div class=\"elementor-element elementor-element-ae55ed4 elementor-widget elementor-widget-image\" data-id=\"ae55ed4\" data-element_type=\"widget\" data-e-type=\"widget\" data-widget_type=\"image.default\">\n\t\t\t\t<div class=\"elementor-widget-container\">\n\t\t\t\t\t\t\t\t\t\t\t\t\t\t\t<img fetchpriority=\"high\" decoding=\"async\" width=\"850\" height=\"400\" src=\"https:\/\/guilhermestrujakbuco.com.br\/wp-content\/uploads\/2024\/03\/planejamento-virtual-de-cirurgia-ortognatica-13122017100944.png\" class=\"attachment-full size-full wp-image-758\" alt=\"\" \/>\t\t\t\t\t\t\t\t\t\t\t\t\t\t\t<\/div>\n\t\t\t\t<\/div>\n\t\t\t\t<div class=\"elementor-element elementor-element-ebc41f4 elementor-widget elementor-widget-heading\" data-id=\"ebc41f4\" data-element_type=\"widget\" data-e-type=\"widget\" data-widget_type=\"heading.default\">\n\t\t\t\t<div class=\"elementor-widget-container\">\n\t\t\t\t\t<h4 class=\"elementor-heading-title elementor-size-default\">Planejamento Virtual<\/h4>\t\t\t\t<\/div>\n\t\t\t\t<\/div>\n\t\t\t\t<div class=\"elementor-element elementor-element-0a80440 elementor-widget elementor-widget-text-editor\" data-id=\"0a80440\" data-element_type=\"widget\" data-e-type=\"widget\" data-widget_type=\"text-editor.default\">\n\t\t\t\t<div class=\"elementor-widget-container\">\n\t\t\t\t\t\t\t\t\t<p id=\"yui_3_17_2_1_1710195182887_446\" class=\"\">A cirurgia ortogn\u00e1tica exigem um planejamento pr\u00e9vio para determinar as altera\u00e7\u00f5es das posi\u00e7\u00f5es da maxila e da mand\u00edbula.<\/p><p class=\"\">Durante muito tempo esse planejamento era realizado com estudos feitos nas radiografias e com modelos em gesso dos dentes do paciente. Hoje em dia o planejamento \u00e9 feito totalmente de forma virtual por meio de softwares que simulam toda a cirurgia em tr\u00eas dimens\u00f5es. Al\u00e9m de ser mais confort\u00e1vel para o paciente, pois n\u00e3o precisa realizar moldagens dos dentes, \u00e9 uma forma de planejamento muito mais precisa. Ou seja, a posi\u00e7\u00e3o planejada da maxila e da mand\u00edbula \u00e9 exatamente a posi\u00e7\u00e3o que foi planejada no computador.<\/p>\t\t\t\t\t\t\t\t<\/div>\n\t\t\t\t<\/div>\n\t\t\t\t<div class=\"elementor-element elementor-element-a074ef9 elementor-align-center elementor-widget elementor-widget-button\" data-id=\"a074ef9\" data-element_type=\"widget\" data-e-type=\"widget\" data-widget_type=\"button.default\">\n\t\t\t\t<div class=\"elementor-widget-container\">\n\t\t\t\t\t\t\t\t\t<div class=\"elementor-button-wrapper\">\n\t\t\t\t\t<a class=\"elementor-button elementor-button-link elementor-size-xl\" href=\"https:\/\/api.whatsapp.com\/send?phone=5541985062419&#038;text=Ol%C3%A1!%20Vim%20por%20meio%20do%20site%20e%20gostaria%20de%20obter%20mais%20informa%C3%A7%C3%B5es.\" target=\"_blank\" rel=\"noopener\">\n\t\t\t\t\t\t<span class=\"elementor-button-content-wrapper\">\n\t\t\t\t\t\t<span class=\"elementor-button-icon\">\n\t\t\t\t<svg aria-hidden=\"true\" class=\"e-font-icon-svg e-fab-whatsapp\" viewBox=\"0 0 448 512\" xmlns=\"http:\/\/www.w3.org\/2000\/svg\"><path d=\"M380.9 97.1C339 55.1 283.2 32 223.9 32c-122.4 0-222 99.6-222 222 0 39.1 10.2 77.3 29.6 111L0 480l117.7-30.9c32.4 17.7 68.9 27 106.1 27h.1c122.3 0 224.1-99.6 224.1-222 0-59.3-25.2-115-67.1-157zm-157 341.6c-33.2 0-65.7-8.9-94-25.7l-6.7-4-69.8 18.3L72 359.2l-4.4-7c-18.5-29.4-28.2-63.3-28.2-98.2 0-101.7 82.8-184.5 184.6-184.5 49.3 0 95.6 19.2 130.4 54.1 34.8 34.9 56.2 81.2 56.1 130.5 0 101.8-84.9 184.6-186.6 184.6zm101.2-138.2c-5.5-2.8-32.8-16.2-37.9-18-5.1-1.9-8.8-2.8-12.5 2.8-3.7 5.6-14.3 18-17.6 21.8-3.2 3.7-6.5 4.2-12 1.4-32.6-16.3-54-29.1-75.5-66-5.7-9.8 5.7-9.1 16.3-30.3 1.8-3.7.9-6.9-.5-9.7-1.4-2.8-12.5-30.1-17.1-41.2-4.5-10.8-9.1-9.3-12.5-9.5-3.2-.2-6.9-.2-10.6-.2-3.7 0-9.7 1.4-14.8 6.9-5.1 5.6-19.4 19-19.4 46.3 0 27.3 19.9 53.7 22.6 57.4 2.8 3.7 39.1 59.7 94.8 83.8 35.2 15.2 49 16.5 66.6 13.9 10.7-1.6 32.8-13.4 37.4-26.4 4.6-13 4.6-24.1 3.2-26.4-1.3-2.5-5-3.9-10.5-6.6z\"><\/path><\/svg>\t\t\t<\/span>\n\t\t\t\t\t\t\t\t\t<span class=\"elementor-button-text\">Para Mais Informa\u00e7\u00f5es Ou Agendamentos<\/span>\n\t\t\t\t\t<\/span>\n\t\t\t\t\t<\/a>\n\t\t\t\t<\/div>\n\t\t\t\t\t\t\t\t<\/div>\n\t\t\t\t<\/div>\n\t\t\t\t\t<\/div>\n\t\t<\/div>\n\t\t\t\t\t<\/div>\n\t\t<\/section>\n\t\t\t\t\t<\/div>\n\t\t<\/div>\n\t\t\t\t\t<\/div>\n\t\t<\/section>\n\t\t<div class=\"elementor-element elementor-element-368f3bf e-flex e-con-boxed e-con e-parent\" data-id=\"368f3bf\" data-element_type=\"container\" data-e-type=\"container\">\n\t\t\t\t\t<div class=\"e-con-inner\">\n\t\t\t\t<div class=\"elementor-element elementor-element-32eb2bb elementor-view-stacked elementor-widget__width-auto elementor-fixed elementor-shape-circle elementor-widget elementor-widget-icon\" data-id=\"32eb2bb\" data-element_type=\"widget\" data-e-type=\"widget\" data-settings=\"{&quot;_position&quot;:&quot;fixed&quot;}\" data-widget_type=\"icon.default\">\n\t\t\t\t<div class=\"elementor-widget-container\">\n\t\t\t\t\t\t\t<div class=\"elementor-icon-wrapper\">\n\t\t\t<a class=\"elementor-icon elementor-animation-float\" href=\"https:\/\/api.whatsapp.com\/send?phone=5541985062419&#038;text=Ol%C3%A1!%20Vim%20por%20meio%20do%20site%20e%20gostaria%20de%20obter%20mais%20informa%C3%A7%C3%B5es.\" target=\"_blank\" rel=\"noopener\">\n\t\t\t<svg aria-hidden=\"true\" class=\"e-font-icon-svg e-fab-whatsapp\" viewBox=\"0 0 448 512\" xmlns=\"http:\/\/www.w3.org\/2000\/svg\"><path d=\"M380.9 97.1C339 55.1 283.2 32 223.9 32c-122.4 0-222 99.6-222 222 0 39.1 10.2 77.3 29.6 111L0 480l117.7-30.9c32.4 17.7 68.9 27 106.1 27h.1c122.3 0 224.1-99.6 224.1-222 0-59.3-25.2-115-67.1-157zm-157 341.6c-33.2 0-65.7-8.9-94-25.7l-6.7-4-69.8 18.3L72 359.2l-4.4-7c-18.5-29.4-28.2-63.3-28.2-98.2 0-101.7 82.8-184.5 184.6-184.5 49.3 0 95.6 19.2 130.4 54.1 34.8 34.9 56.2 81.2 56.1 130.5 0 101.8-84.9 184.6-186.6 184.6zm101.2-138.2c-5.5-2.8-32.8-16.2-37.9-18-5.1-1.9-8.8-2.8-12.5 2.8-3.7 5.6-14.3 18-17.6 21.8-3.2 3.7-6.5 4.2-12 1.4-32.6-16.3-54-29.1-75.5-66-5.7-9.8 5.7-9.1 16.3-30.3 1.8-3.7.9-6.9-.5-9.7-1.4-2.8-12.5-30.1-17.1-41.2-4.5-10.8-9.1-9.3-12.5-9.5-3.2-.2-6.9-.2-10.6-.2-3.7 0-9.7 1.4-14.8 6.9-5.1 5.6-19.4 19-19.4 46.3 0 27.3 19.9 53.7 22.6 57.4 2.8 3.7 39.1 59.7 94.8 83.8 35.2 15.2 49 16.5 66.6 13.9 10.7-1.6 32.8-13.4 37.4-26.4 4.6-13 4.6-24.1 3.2-26.4-1.3-2.5-5-3.9-10.5-6.6z\"><\/path><\/svg>\t\t\t<\/a>\n\t\t<\/div>\n\t\t\t\t\t\t<\/div>\n\t\t\t\t<\/div>\n\t\t\t\t\t<\/div>\n\t\t\t\t<\/div>\n\t\t\t\t<\/div>\n\t\t","protected":false},"excerpt":{"rendered":"<p>Planejamento Virtual Cirurgia Ortogn\u00e1tica Planejamento Virtual A cirurgia ortogn\u00e1tica exigem um planejamento pr\u00e9vio para determinar as altera\u00e7\u00f5es das posi\u00e7\u00f5es da maxila e da mand\u00edbula. Durante muito tempo esse planejamento era realizado com estudos feitos nas radiografias e com modelos em gesso dos dentes do paciente. Hoje em dia o planejamento \u00e9 feito totalmente de forma [&hellip;]<\/p>\n","protected":false},"author":1,"featured_media":0,"parent":0,"menu_order":0,"comment_status":"closed","ping_status":"closed","template":"","meta":{"site-sidebar-layout":"no-sidebar","site-content-layout":"page-builder","ast-site-content-layout":"full-width-container","site-content-style":"unboxed","site-sidebar-style":"unboxed","ast-global-header-display":"","ast-banner-title-visibility":"","ast-main-header-display":"","ast-hfb-above-header-display":"","ast-hfb-below-header-display":"","ast-hfb-mobile-header-display":"","site-post-title":"disabled","ast-breadcrumbs-content":"","ast-featured-img":"disabled","footer-sml-layout":"","theme-transparent-header-meta":"enabled","adv-header-id-meta":"","stick-header-meta":"","header-above-stick-meta":"","header-main-stick-meta":"","header-below-stick-meta":"","astra-migrate-meta-layouts":"set","ast-page-background-enabled":"default","ast-page-background-meta":{"desktop":{"background-color":"","background-image":"","background-repeat":"repeat","background-position":"center center","background-size":"auto","background-attachment":"scroll","background-type":"","background-media":"","overlay-type":"","overlay-color":"","overlay-opacity":"","overlay-gradient":""},"tablet":{"background-color":"","background-image":"","background-repeat":"repeat","background-position":"center center","background-size":"auto","background-attachment":"scroll","background-type":"","background-media":"","overlay-type":"","overlay-color":"","overlay-opacity":"","overlay-gradient":""},"mobile":{"background-color":"","background-image":"","background-repeat":"repeat","background-position":"center center","background-size":"auto","background-attachment":"scroll","background-type":"","background-media":"","overlay-type":"","overlay-color":"","overlay-opacity":"","overlay-gradient":""}},"ast-content-background-meta":{"desktop":{"background-color":"var(--ast-global-color-5)","background-image":"","background-repeat":"repeat","background-position":"center center","background-size":"auto","background-attachment":"scroll","background-type":"","background-media":"","overlay-type":"","overlay-color":"","overlay-opacity":"","overlay-gradient":""},"tablet":{"background-color":"var(--ast-global-color-5)","background-image":"","background-repeat":"repeat","background-position":"center center","background-size":"auto","background-attachment":"scroll","background-type":"","background-media":"","overlay-type":"","overlay-color":"","overlay-opacity":"","overlay-gradient":""},"mobile":{"background-color":"var(--ast-global-color-5)","background-image":"","background-repeat":"repeat","background-position":"center center","background-size":"auto","background-attachment":"scroll","background-type":"","background-media":"","overlay-type":"","overlay-color":"","overlay-opacity":"","overlay-gradient":""}},"footnotes":""},"class_list":["post-1081","page","type-page","status-publish","hentry"],"yoast_head":"<!-- This site is optimized with the Yoast SEO plugin v26.0 - https:\/\/yoast.com\/wordpress\/plugins\/seo\/ -->\n<title>Planejamento Virtual - Dr. Guilherme Strujak<\/title>\n<meta name=\"robots\" content=\"index, follow, max-snippet:-1, max-image-preview:large, max-video-preview:-1\" \/>\n<link rel=\"canonical\" href=\"https:\/\/guilhermestrujakbuco.com.br\/index.php\/planejamento-virtual\/\" \/>\n<meta property=\"og:locale\" content=\"pt_BR\" \/>\n<meta property=\"og:type\" content=\"article\" \/>\n<meta property=\"og:title\" content=\"Planejamento Virtual - Dr. Guilherme Strujak\" \/>\n<meta property=\"og:description\" content=\"Planejamento Virtual Cirurgia Ortogn\u00e1tica Planejamento Virtual A cirurgia ortogn\u00e1tica exigem um planejamento pr\u00e9vio para determinar as altera\u00e7\u00f5es das posi\u00e7\u00f5es da maxila e da mand\u00edbula. Durante muito tempo esse planejamento era realizado com estudos feitos nas radiografias e com modelos em gesso dos dentes do paciente. Hoje em dia o planejamento \u00e9 feito totalmente de forma [&hellip;]\" \/>\n<meta property=\"og:url\" content=\"https:\/\/guilhermestrujakbuco.com.br\/index.php\/planejamento-virtual\/\" \/>\n<meta property=\"og:site_name\" content=\"Dr. Guilherme Strujak\" \/>\n<meta property=\"article:modified_time\" content=\"2024-03-17T22:12:23+00:00\" \/>\n<meta property=\"og:image\" content=\"https:\/\/guilhermestrujakbuco.com.br\/wp-content\/uploads\/2024\/03\/planejamento-virtual-de-cirurgia-ortognatica-13122017100944.png\" \/>\n\t<meta property=\"og:image:width\" content=\"850\" \/>\n\t<meta property=\"og:image:height\" content=\"400\" \/>\n\t<meta property=\"og:image:type\" content=\"image\/png\" \/>\n<meta name=\"twitter:card\" content=\"summary_large_image\" \/>\n<meta name=\"twitter:label1\" content=\"Est. tempo de leitura\" \/>\n\t<meta name=\"twitter:data1\" content=\"2 minutos\" \/>\n<script type=\"application\/ld+json\" class=\"yoast-schema-graph\">{\"@context\":\"https:\/\/schema.org\",\"@graph\":[{\"@type\":\"WebPage\",\"@id\":\"https:\/\/guilhermestrujakbuco.com.br\/index.php\/planejamento-virtual\/\",\"url\":\"https:\/\/guilhermestrujakbuco.com.br\/index.php\/planejamento-virtual\/\",\"name\":\"Planejamento Virtual - Dr. Guilherme Strujak\",\"isPartOf\":{\"@id\":\"https:\/\/guilhermestrujakbuco.com.br\/#website\"},\"primaryImageOfPage\":{\"@id\":\"https:\/\/guilhermestrujakbuco.com.br\/index.php\/planejamento-virtual\/#primaryimage\"},\"image\":{\"@id\":\"https:\/\/guilhermestrujakbuco.com.br\/index.php\/planejamento-virtual\/#primaryimage\"},\"thumbnailUrl\":\"https:\/\/guilhermestrujakbuco.com.br\/wp-content\/uploads\/2024\/03\/planejamento-virtual-de-cirurgia-ortognatica-13122017100944.png\",\"datePublished\":\"2024-03-11T22:13:39+00:00\",\"dateModified\":\"2024-03-17T22:12:23+00:00\",\"breadcrumb\":{\"@id\":\"https:\/\/guilhermestrujakbuco.com.br\/index.php\/planejamento-virtual\/#breadcrumb\"},\"inLanguage\":\"pt-BR\",\"potentialAction\":[{\"@type\":\"ReadAction\",\"target\":[\"https:\/\/guilhermestrujakbuco.com.br\/index.php\/planejamento-virtual\/\"]}]},{\"@type\":\"ImageObject\",\"inLanguage\":\"pt-BR\",\"@id\":\"https:\/\/guilhermestrujakbuco.com.br\/index.php\/planejamento-virtual\/#primaryimage\",\"url\":\"https:\/\/guilhermestrujakbuco.com.br\/wp-content\/uploads\/2024\/03\/planejamento-virtual-de-cirurgia-ortognatica-13122017100944.png\",\"contentUrl\":\"https:\/\/guilhermestrujakbuco.com.br\/wp-content\/uploads\/2024\/03\/planejamento-virtual-de-cirurgia-ortognatica-13122017100944.png\",\"width\":850,\"height\":400},{\"@type\":\"BreadcrumbList\",\"@id\":\"https:\/\/guilhermestrujakbuco.com.br\/index.php\/planejamento-virtual\/#breadcrumb\",\"itemListElement\":[{\"@type\":\"ListItem\",\"position\":1,\"name\":\"In\u00edcio\",\"item\":\"https:\/\/guilhermestrujakbuco.com.br\/\"},{\"@type\":\"ListItem\",\"position\":2,\"name\":\"Planejamento Virtual\"}]},{\"@type\":\"WebSite\",\"@id\":\"https:\/\/guilhermestrujakbuco.com.br\/#website\",\"url\":\"https:\/\/guilhermestrujakbuco.com.br\/\",\"name\":\"Health & Wellness\",\"description\":\"Just another Astra Starter Templates site\",\"publisher\":{\"@id\":\"https:\/\/guilhermestrujakbuco.com.br\/#\/schema\/person\/6a60cb06abb3c29ee7c77aa7bafe7831\"},\"potentialAction\":[{\"@type\":\"SearchAction\",\"target\":{\"@type\":\"EntryPoint\",\"urlTemplate\":\"https:\/\/guilhermestrujakbuco.com.br\/?s={search_term_string}\"},\"query-input\":{\"@type\":\"PropertyValueSpecification\",\"valueRequired\":true,\"valueName\":\"search_term_string\"}}],\"inLanguage\":\"pt-BR\"},{\"@type\":[\"Person\",\"Organization\"],\"@id\":\"https:\/\/guilhermestrujakbuco.com.br\/#\/schema\/person\/6a60cb06abb3c29ee7c77aa7bafe7831\",\"name\":\"guilhermestrujakbuco.com.br\",\"image\":{\"@type\":\"ImageObject\",\"inLanguage\":\"pt-BR\",\"@id\":\"https:\/\/guilhermestrujakbuco.com.br\/#\/schema\/person\/image\/\",\"url\":\"https:\/\/guilhermestrujakbuco.com.br\/wp-content\/uploads\/2024\/01\/aiai.png\",\"contentUrl\":\"https:\/\/guilhermestrujakbuco.com.br\/wp-content\/uploads\/2024\/01\/aiai.png\",\"width\":900,\"height\":520,\"caption\":\"guilhermestrujakbuco.com.br\"},\"logo\":{\"@id\":\"https:\/\/guilhermestrujakbuco.com.br\/#\/schema\/person\/image\/\"},\"sameAs\":[\"https:\/\/guilhermestrujakbuco.com.br\",\"@drguilhermestrujak\"]}]}<\/script>\n<!-- \/ Yoast SEO plugin. -->","yoast_head_json":{"title":"Planejamento Virtual - Dr. Guilherme Strujak","robots":{"index":"index","follow":"follow","max-snippet":"max-snippet:-1","max-image-preview":"max-image-preview:large","max-video-preview":"max-video-preview:-1"},"canonical":"https:\/\/guilhermestrujakbuco.com.br\/index.php\/planejamento-virtual\/","og_locale":"pt_BR","og_type":"article","og_title":"Planejamento Virtual - Dr. Guilherme Strujak","og_description":"Planejamento Virtual Cirurgia Ortogn\u00e1tica Planejamento Virtual A cirurgia ortogn\u00e1tica exigem um planejamento pr\u00e9vio para determinar as altera\u00e7\u00f5es das posi\u00e7\u00f5es da maxila e da mand\u00edbula. Durante muito tempo esse planejamento era realizado com estudos feitos nas radiografias e com modelos em gesso dos dentes do paciente. Hoje em dia o planejamento \u00e9 feito totalmente de forma [&hellip;]","og_url":"https:\/\/guilhermestrujakbuco.com.br\/index.php\/planejamento-virtual\/","og_site_name":"Dr. Guilherme Strujak","article_modified_time":"2024-03-17T22:12:23+00:00","og_image":[{"width":850,"height":400,"url":"https:\/\/guilhermestrujakbuco.com.br\/wp-content\/uploads\/2024\/03\/planejamento-virtual-de-cirurgia-ortognatica-13122017100944.png","type":"image\/png"}],"twitter_card":"summary_large_image","twitter_misc":{"Est. tempo de leitura":"2 minutos"},"schema":{"@context":"https:\/\/schema.org","@graph":[{"@type":"WebPage","@id":"https:\/\/guilhermestrujakbuco.com.br\/index.php\/planejamento-virtual\/","url":"https:\/\/guilhermestrujakbuco.com.br\/index.php\/planejamento-virtual\/","name":"Planejamento Virtual - Dr. Guilherme Strujak","isPartOf":{"@id":"https:\/\/guilhermestrujakbuco.com.br\/#website"},"primaryImageOfPage":{"@id":"https:\/\/guilhermestrujakbuco.com.br\/index.php\/planejamento-virtual\/#primaryimage"},"image":{"@id":"https:\/\/guilhermestrujakbuco.com.br\/index.php\/planejamento-virtual\/#primaryimage"},"thumbnailUrl":"https:\/\/guilhermestrujakbuco.com.br\/wp-content\/uploads\/2024\/03\/planejamento-virtual-de-cirurgia-ortognatica-13122017100944.png","datePublished":"2024-03-11T22:13:39+00:00","dateModified":"2024-03-17T22:12:23+00:00","breadcrumb":{"@id":"https:\/\/guilhermestrujakbuco.com.br\/index.php\/planejamento-virtual\/#breadcrumb"},"inLanguage":"pt-BR","potentialAction":[{"@type":"ReadAction","target":["https:\/\/guilhermestrujakbuco.com.br\/index.php\/planejamento-virtual\/"]}]},{"@type":"ImageObject","inLanguage":"pt-BR","@id":"https:\/\/guilhermestrujakbuco.com.br\/index.php\/planejamento-virtual\/#primaryimage","url":"https:\/\/guilhermestrujakbuco.com.br\/wp-content\/uploads\/2024\/03\/planejamento-virtual-de-cirurgia-ortognatica-13122017100944.png","contentUrl":"https:\/\/guilhermestrujakbuco.com.br\/wp-content\/uploads\/2024\/03\/planejamento-virtual-de-cirurgia-ortognatica-13122017100944.png","width":850,"height":400},{"@type":"BreadcrumbList","@id":"https:\/\/guilhermestrujakbuco.com.br\/index.php\/planejamento-virtual\/#breadcrumb","itemListElement":[{"@type":"ListItem","position":1,"name":"In\u00edcio","item":"https:\/\/guilhermestrujakbuco.com.br\/"},{"@type":"ListItem","position":2,"name":"Planejamento Virtual"}]},{"@type":"WebSite","@id":"https:\/\/guilhermestrujakbuco.com.br\/#website","url":"https:\/\/guilhermestrujakbuco.com.br\/","name":"Health & Wellness","description":"Just another Astra Starter Templates site","publisher":{"@id":"https:\/\/guilhermestrujakbuco.com.br\/#\/schema\/person\/6a60cb06abb3c29ee7c77aa7bafe7831"},"potentialAction":[{"@type":"SearchAction","target":{"@type":"EntryPoint","urlTemplate":"https:\/\/guilhermestrujakbuco.com.br\/?s={search_term_string}"},"query-input":{"@type":"PropertyValueSpecification","valueRequired":true,"valueName":"search_term_string"}}],"inLanguage":"pt-BR"},{"@type":["Person","Organization"],"@id":"https:\/\/guilhermestrujakbuco.com.br\/#\/schema\/person\/6a60cb06abb3c29ee7c77aa7bafe7831","name":"guilhermestrujakbuco.com.br","image":{"@type":"ImageObject","inLanguage":"pt-BR","@id":"https:\/\/guilhermestrujakbuco.com.br\/#\/schema\/person\/image\/","url":"https:\/\/guilhermestrujakbuco.com.br\/wp-content\/uploads\/2024\/01\/aiai.png","contentUrl":"https:\/\/guilhermestrujakbuco.com.br\/wp-content\/uploads\/2024\/01\/aiai.png","width":900,"height":520,"caption":"guilhermestrujakbuco.com.br"},"logo":{"@id":"https:\/\/guilhermestrujakbuco.com.br\/#\/schema\/person\/image\/"},"sameAs":["https:\/\/guilhermestrujakbuco.com.br","@drguilhermestrujak"]}]}},"_links":{"self":[{"href":"https:\/\/guilhermestrujakbuco.com.br\/index.php\/wp-json\/wp\/v2\/pages\/1081","targetHints":{"allow":["GET"]}}],"collection":[{"href":"https:\/\/guilhermestrujakbuco.com.br\/index.php\/wp-json\/wp\/v2\/pages"}],"about":[{"href":"https:\/\/guilhermestrujakbuco.com.br\/index.php\/wp-json\/wp\/v2\/types\/page"}],"author":[{"embeddable":true,"href":"https:\/\/guilhermestrujakbuco.com.br\/index.php\/wp-json\/wp\/v2\/users\/1"}],"replies":[{"embeddable":true,"href":"https:\/\/guilhermestrujakbuco.com.br\/index.php\/wp-json\/wp\/v2\/comments?post=1081"}],"version-history":[{"count":25,"href":"https:\/\/guilhermestrujakbuco.com.br\/index.php\/wp-json\/wp\/v2\/pages\/1081\/revisions"}],"predecessor-version":[{"id":1816,"href":"https:\/\/guilhermestrujakbuco.com.br\/index.php\/wp-json\/wp\/v2\/pages\/1081\/revisions\/1816"}],"wp:attachment":[{"href":"https:\/\/guilhermestrujakbuco.com.br\/index.php\/wp-json\/wp\/v2\/media?parent=1081"}],"curies":[{"name":"wp","href":"https:\/\/api.w.org\/{rel}","templated":true}]}}